{"id":69,"date":"2012-04-02T09:53:26","date_gmt":"2012-04-02T09:53:26","guid":{"rendered":"http:\/\/www.hegerort.de\/?page_id=69"},"modified":"2014-05-14T10:12:00","modified_gmt":"2014-05-14T08:12:00","slug":"satzung","status":"publish","type":"page","link":"https:\/\/www.hegerort.de\/?page_id=69","title":{"rendered":"Satzung"},"content":{"rendered":"<p style=\"text-align: center;\"><strong>Vereinssatzung Sch\u00fctzenverein Hegerort e.V.<\/strong><\/p>\n<p style=\"text-align: center;\"><strong>\u00a7 1<\/strong><br \/>\nName, Sitz und Zweck des Vereins<\/p>\n<p style=\"text-align: center;\">1.<br \/>\nDer Verein f\u00fchrt den Namen \u201eSch\u00fctzenverein Hegerort e. V.\u201c<\/p>\n<p style=\"text-align: center;\">2.<br \/>\nDer Verein hat seinen Sitz in 48720 Rosendahl-Holtwick, Hegerort.<\/p>\n<p style=\"text-align: center;\">3.<br \/>\nDer Sch\u00fctzenverein Hegerort bezweckt die Fortf\u00fchrung alter Traditionen in Erhaltung des allj\u00e4hrlichen Sch\u00fctzenfestes, welches nach dem Wahlspruch<br \/>\nHeimat, Liebe, Treue<br \/>\nerhalten bleiben soll.<\/p>\n<p style=\"text-align: center;\">4.<br \/>\nDie Mitgliedsbeitr\u00e4ge und etwaige \u00dcbersch\u00fcsse werden ausschlie\u00dflich zu satzungsm\u00e4\u00dfigen Zwecken verwendet. Die Mitglieder erhalten keine Gewinnanteile aus Mitteln des Sch\u00fctzenvereins.<\/p>\n<p style=\"text-align: center;\"><strong>\u00a7 2<\/strong><br \/>\nMitgliedschaft<\/p>\n<p style=\"text-align: center;\">Mitglied des Sch\u00fctzenvereins kann jeder werden, der das 15. Lebensjahr vollendet hat.<\/p>\n<p style=\"text-align: center;\"><strong>\u00a7 3<\/strong><br \/>\nEnde der Mitgliedschaft<\/p>\n<p style=\"text-align: center;\">1.<br \/>\nDie Mitgliedschaft endet durch Austritt, Ausschlu\u00df oder durch Aufl\u00f6sung des Vereins.<\/p>\n<p style=\"text-align: center;\">2.<br \/>\nDer Austritt erfolgt durch schriftliche Erkl\u00e4rung gegen\u00fcber dem Vorstand.<\/p>\n<p style=\"text-align: center;\">3.<br \/>\nMitglieder die durch ihr Verhalten in dem Sch\u00fctzenverein sich der Mitgliedschaft als unw\u00fcrdig erweisen, k\u00f6nnen durch den Vorstand f\u00fcr einen bestimmten Zeitraum oder dauerhaft aus dem Verein ausgeschlossen werden. Vor dem Ausschlu\u00df ist das betreffende Mitglied anzuh\u00f6ren.<\/p>\n<p style=\"text-align: center;\">4.<br \/>\nMitglieder, die den Jahresbeitrag nicht zahlen, verlieren ihre Mitgliedschaft. Alle Mitglieder sind verpflichtet, eine evtl. Adressen- bzw. Konto\u00e4nderung unverz\u00fcglich dem Vorstand mitzuteilen.<\/p>\n<p style=\"text-align: center;\">5.<br \/>\nMitglieder erhalten bei ihrem Ausscheiden keine Anteile des Vereinsverm\u00f6gens.<\/p>\n<p style=\"text-align: center;\"><strong>\u00a7 4<\/strong><br \/>\nOrgane des Sch\u00fctzenvereins<\/p>\n<p style=\"text-align: center;\">Organe des Sch\u00fctzenvereins Hegerort sind<\/p>\n<p style=\"text-align: center;\">1.\u00a0\u00a0\u00a0 die Mitgliederversammlung<\/p>\n<p style=\"text-align: center;\">2.\u00a0\u00a0\u00a0 der Vorstand.<\/p>\n<p style=\"text-align: center;\"><strong>\u00a75<\/strong><br \/>\nZusammensetzung, Wahl und Aufgaben des Vorstands<\/p>\n<p style=\"text-align: center;\">1.<br \/>\nDer Vorstand setzt sich zusammen aus dem Pr\u00e4sidenten, dem 1. Stellvertreter, dem 2. Stellvertreter, dem Schriftf\u00fchrer, dem Kassierer, dem Jugendvertreter \u2013 w\u00e4hlbar bis zu einem Alter von 25 Jahren \u2013 drei Beisitzern, dem Oberst sowie dem Kompanief\u00fchrer der 1. Kompanie als Vertreter des Offizierskorps.<\/p>\n<p style=\"text-align: center;\">2.<br \/>\nDer Vorstand wird von der Mitgliederversammlung f\u00fcr vier Jahre gew\u00e4hlt. Aus dem Vorstand scheiden alle 2 Jahre vier bzw. f\u00fcnf Mitglieder aus und werden durch Wiederwahl oder durch Neuwahl eines anderen Vereinsmitgliedes ersetzt. Die Vorstandsmitglieder besetzen intern und nach Absprache die entsprechenden Aufgabenbereiche.<\/p>\n<p style=\"text-align: center;\">3.<br \/>\nDer Vorstand hat die Pflicht, die Interessen des Sch\u00fctzenvereins in selbstloser Weise wahrzunehmen, \u00fcber die Einhaltung der Satzung zu wachen, die Beschl\u00fcsse der Mitgliederversammlung auszuf\u00fchren und das verm\u00f6gen des Vereins zu verwalten.<\/p>\n<p style=\"text-align: center;\">4.<br \/>\nDer gesch\u00e4ftsf\u00fchrende Vorstand setzt sich zusammen aus dem Pr\u00e4sidenten, seinem 1. Stellvertreter, dem Schriftf\u00fchrer, dem Kassierer und dem Oberst. Der gesch\u00e4ftsf\u00fchrende Vorstand vertritt den Verein gerichtlich und au\u00dfergerichtlich<br \/>\n\u2013 gemeinschaftlich handelnd-.<\/p>\n<p style=\"text-align: center;\"><strong>\u00a76<\/strong><br \/>\nDer Vorstand<\/p>\n<p style=\"text-align: center;\">1.<br \/>\nDer Vorstand ist beschlu\u00dff\u00e4hig, wenn mindestens zwei Drittel der Mitglieder anwesend sind. Er fast seine Beschl\u00fcsse mit einfacher Stimmenmehrheit. Bei Stimmengleichheit entscheidet die Stimme des Pr\u00e4sidenten.<\/p>\n<p style=\"text-align: center;\">2.<br \/>\nDer Vorstand beruft allj\u00e4hrlich eine Mitgliederversammlung ein und erstellt hierzu eine Tagesordnung.<\/p>\n<p style=\"text-align: center;\"><strong>\u00a7 7<\/strong><br \/>\nMitgliederversammlung<\/p>\n<p style=\"text-align: center;\">1.<br \/>\nDie Mitgliederversammlung wird vom Vorstand mindestens 14 Tage vor deren Stattfinden durch schriftliche Einladung einberufen. Zus\u00e4tzliche Antr\u00e4ge zur Tagesordnung k\u00f6nnen zu Beginn der Mitgliederversammlung gestellt werden. \u00dcber deren Zulassung entscheidet die Mitgliederversammlung mit einfacher Mehrheit.<\/p>\n<p style=\"text-align: center;\">2.Die Versammlung wird durch den Pr\u00e4sidenten bzw. dessen Stellvertreter geleitet. Bei Beschlu\u00dffassung entscheidet die einfache Stimmenmehrheit. Bei Stimmengleichheit entscheidet die Stimme des Pr\u00e4sidenten.<\/p>\n<p style=\"text-align: center;\">3.<br \/>\nEine au\u00dferordentliche Generalversammlung mit einer Einberufungsfrist von mindestens 14 Tagen hat zu erfolgen, wenn dies von 45 % aller Mitglieder schriftlich oder dem Vorstand verlangt wird.<\/p>\n<p style=\"text-align: center;\">4.<br \/>\n\u00dcber den Versammlungsverlauf ist ein Protokoll anzufertigen und vom Pr\u00e4sidenten und dem Schriftf\u00fchrer zu unterzeichnen.<\/p>\n<p style=\"text-align: center;\"><strong>\u00a7 8<\/strong><br \/>\nOffizierskorps<\/p>\n<p style=\"text-align: center;\">Das Offizierskorps wird von der Mitgliederversammlung f\u00fcr 4 Jahre gew\u00e4hlt. Im Verhinderungsfalle ist f\u00fcr geeigneten Ersatz zu sorgen. Die Ersatzgestaltung ist jeweils dem Vorstand mitzuteilen.<\/p>\n<p style=\"text-align: center;\"><strong>\u00a7 9<\/strong><br \/>\nSch\u00fctzenfest<\/p>\n<p style=\"text-align: center;\">1.<br \/>\nDie j\u00e4hrliche Sch\u00fctzenfestvergabe erfolgt, sofern durch die Mitgliederversammlung kein anderer Beschlu\u00df gefa\u00dft wird, durch den Vorstand. Die Festfolge der Sch\u00fctzenfeste wird ebenfalls durch den vorstand festgelegt.<\/p>\n<p style=\"text-align: center;\">2.<br \/>\nEhrensache eines jeden aktiven Sch\u00fctzen ist es, einen Schu\u00df auf den Vogel abzugeben. Sch\u00fctzenk\u00f6nig kann nur ein Vereinsmitglied werden, der wenigstens in den letzten drei Jahren hintereinander den Mitgliedsbeitrag gezahlt und mindestens das 18. Lebensjahr vollendet hat.<\/p>\n<p style=\"text-align: center;\">3.<br \/>\nDie Schie\u00dfordnung wird vom Vorstand geregelt.<\/p>\n<p style=\"text-align: center;\">4.<br \/>\nDie K\u00f6nigin mu\u00df eine Familienangeh\u00f6rige, Ehefrau, Tochter, Schwester, Lebensgef\u00e4hrtin eines Vereinsmitgliedes sein.<\/p>\n<p style=\"text-align: center;\">5.<br \/>\n\u00dcber die Rechte und Pflichten des K\u00f6nigspaares gibt der Vorstand Auskunft.<\/p>\n<p style=\"text-align: center;\">6.<br \/>\nDer amtierende\u00a0 K\u00f6nig hat f\u00fcr den Vogel zu sorgen.<\/p>\n<p style=\"text-align: center;\">7.<br \/>\nAuftretende Zweifelsfragen w\u00e4hrend des Sch\u00fctzenfestes werden vom Vorstand mit einfacher Mehrheit der anwesenden Vorstandsmitglieder entschieden<\/p>\n<p style=\"text-align: center;\"><strong>\u00a7 10<\/strong><br \/>\nBeitr\u00e4ge<\/p>\n<p style=\"text-align: center;\">1.<br \/>\nDer Mitgliederbeitrag wird durch die Mitgliederversammlung festgesetzt.<\/p>\n<p style=\"text-align: center;\">2.<br \/>\nZur Pr\u00fcfung der Kasse werden j\u00e4hrlich von der Mitgliederversammlung zwei Kassenpr\u00fcfer gew\u00e4hlt. Die Kassenpr\u00fcfer haben die Pflicht, die Kassenb\u00fccher des Vereins einmal j\u00e4hrlich nach Schlu\u00df des Rechnungsjahres zu pr\u00fcfen und den vorgefundenen Kassenbestand in de B\u00fcchern zu bescheinigen sowie der Mitgliederversammlung Bericht zu erstatten.<\/p>\n<p style=\"text-align: center;\"><strong>\u00a7 11<\/strong><br \/>\nSatzungs\u00e4nderung<\/p>\n<p style=\"text-align: center;\">1.<br \/>\n\u00dcber die \u00c4nderung der Satzung beschlie\u00dft die Mitgliederversammlung mit einer Mehrheit von zwei Drittel.<\/p>\n<p style=\"text-align: center;\">2.<br \/>\nDer Vereinszweck kann nur mit einer Mehrheit von zwei Drittel der Mitgliederversammlung in schriftlicher Form ge\u00e4ndert werden.<\/p>\n<p style=\"text-align: center;\"><strong>\u00a7 12<\/strong><br \/>\nAufl\u00f6sung des Sch\u00fctzenvereins<\/p>\n<p style=\"text-align: center;\">Die Aufl\u00f6sung des Vereins erfolgt in der Mitgliederversammlung durch Beschlu\u00df mit Drei-Viertel-Mehrheit der anwesenden Mitglieder. Die Mitgliederversammlung ist nur befugt, wenn mindestens drei Viertel aller Mitglieder anwesend sind. An wen das vorhandene Vereinsverm\u00f6gen im Fall der Aufl\u00f6sung fallen soll und wem K\u00f6nigsketten, Fahnen und sonstige Vereinsunterlagen zur Aufbewahrung \u00fcbergeben werden sollen, ist durch Beschlu\u00df der Mitgliederversammlung festzulegen.<\/p>\n<p style=\"text-align: center;\"><strong>\u00a7 13<\/strong><br \/>\nTeilnahme der Fahnenoffiziere an Beisetzungen von<br \/>\nVereinsmitgliedern<\/p>\n<p style=\"text-align: center;\">Die Fahnenoffiziere nehmen mit der Sch\u00fctzenfahne an Beisetzungen von Vereinsmitgliedern in Rosendahl oder Legden sowie Ehrenmitgliedern teil. Zu allen anderen Beisetzungen wird ein Blumenstrau\u00df oder ein Gesteck gegeben. In der Woche nach der Mitgliederversammlung wird f\u00fcr alle Verstorbenen des Sch\u00fctzenvereins eine Heilige Messe gefeiert.<\/p>\n<p style=\"text-align: center;\">Diese Satzung wurde auf der Mitgliederversammlung vom 9. Dezember 2005 beschlossen.<\/p>\n<p style=\"text-align: center;\">\u00c4nderung im \u00a7 7 Absatz 3. Und \u00a7 10 Absatz 1 beschlossen auf der Mitgliederversammlung am 11. Dezember 2009.<\/p>\n","protected":false},"excerpt":{"rendered":"<p>Vereinssatzung Sch\u00fctzenverein Hegerort e.V. \u00a7 1 Name, Sitz und Zweck des Vereins 1. Der Verein f\u00fchrt den Namen \u201eSch\u00fctzenverein Hegerort e. V.\u201c 2. Der Verein hat seinen Sitz in 48720 Rosendahl-Holtwick, Hegerort. 3. Der Sch\u00fctzenverein Hegerort bezweckt die Fortf\u00fchrung alter Traditionen in Erhaltung des allj\u00e4hrlichen Sch\u00fctzenfestes, welches nach dem Wahlspruch Heimat, Liebe, Treue erhalten bleiben &hellip; <a href=\"https:\/\/www.hegerort.de\/?page_id=69\" class=\"more-link\"><span class=\"screen-reader-text\">Satzung<\/span> weiterlesen <span class=\"meta-nav\">&rarr;<\/span><\/a><\/p>\n","protected":false},"author":2,"featured_media":0,"parent":0,"menu_order":0,"comment_status":"closed","ping_status":"closed","template":"","meta":{"ngg_post_thumbnail":0,"footnotes":""},"class_list":["post-69","page","type-page","status-publish","hentry"],"_links":{"self":[{"href":"https:\/\/www.hegerort.de\/index.php?rest_route=\/wp\/v2\/pages\/69","targetHints":{"allow":["GET"]}}],"collection":[{"href":"https:\/\/www.hegerort.de\/index.php?rest_route=\/wp\/v2\/pages"}],"about":[{"href":"https:\/\/www.hegerort.de\/index.php?rest_route=\/wp\/v2\/types\/page"}],"author":[{"embeddable":true,"href":"https:\/\/www.hegerort.de\/index.php?rest_route=\/wp\/v2\/users\/2"}],"replies":[{"embeddable":true,"href":"https:\/\/www.hegerort.de\/index.php?rest_route=%2Fwp%2Fv2%2Fcomments&post=69"}],"version-history":[{"count":4,"href":"https:\/\/www.hegerort.de\/index.php?rest_route=\/wp\/v2\/pages\/69\/revisions"}],"predecessor-version":[{"id":587,"href":"https:\/\/www.hegerort.de\/index.php?rest_route=\/wp\/v2\/pages\/69\/revisions\/587"}],"wp:attachment":[{"href":"https:\/\/www.hegerort.de\/index.php?rest_route=%2Fwp%2Fv2%2Fmedia&parent=69"}],"curies":[{"name":"wp","href":"https:\/\/api.w.org\/{rel}","templated":true}]}}