{"id":18,"date":"2012-02-06T14:08:20","date_gmt":"2012-02-06T14:08:20","guid":{"rendered":"http:\/\/www.hegerort.de\/?page_id=18"},"modified":"2025-06-11T10:54:03","modified_gmt":"2025-06-11T08:54:03","slug":"konigspaare","status":"publish","type":"page","link":"https:\/\/www.hegerort.de\/?page_id=18","title":{"rendered":"K\u00f6nigspaare"},"content":{"rendered":"<ul>\n<li><strong>Der Thron 2025:<\/strong><\/li>\n<\/ul>\n<p><a href=\"https:\/\/www.hegerort.de\/?attachment_id=4848\" rel=\"attachment wp-att-4848\"><img loading=\"lazy\" decoding=\"async\" class=\"alignleft size-medium wp-image-4848\" src=\"https:\/\/www.hegerort.de\/wp-content\/uploads\/2025\/06\/Thron_2025-300x200.jpg\" alt=\"\" width=\"300\" height=\"200\" srcset=\"https:\/\/www.hegerort.de\/wp-content\/uploads\/2025\/06\/Thron_2025-300x200.jpg 300w, https:\/\/www.hegerort.de\/wp-content\/uploads\/2025\/06\/Thron_2025-1024x683.jpg 1024w, https:\/\/www.hegerort.de\/wp-content\/uploads\/2025\/06\/Thron_2025-768x512.jpg 768w, https:\/\/www.hegerort.de\/wp-content\/uploads\/2025\/06\/Thron_2025-1536x1025.jpg 1536w, https:\/\/www.hegerort.de\/wp-content\/uploads\/2025\/06\/Thron_2025.jpg 2048w\" sizes=\"auto, (max-width: 300px) 100vw, 300px\" \/><\/a><\/p>\n<p>&nbsp;<\/p>\n<p>&nbsp;<\/p>\n<p>&nbsp;<\/p>\n<p>&nbsp;<\/p>\n<p>&nbsp;<\/p>\n<p>v.l.n.r.: Adjutant Markus Terwey, Ehrendame Christine Deiger, Ehrenherr Berthold Deiger, K\u00f6nigin Doreen Schulze-Temming, K\u00f6nig Hendrik Sundrum, Ehrendame Madeleine Schulze-Temming, Ehrenherr Ben Eink, Adjutant Markus Tendahl<\/p>\n<ul>\n<li><strong>Der Thron 2024:<\/strong><\/li>\n<\/ul>\n<p><a href=\"https:\/\/www.hegerort.de\/?attachment_id=4810\" rel=\"attachment wp-att-4810\"><img loading=\"lazy\" decoding=\"async\" class=\"alignleft size-medium wp-image-4810\" src=\"https:\/\/www.hegerort.de\/wp-content\/uploads\/2024\/05\/Thron-2024-300x181.jpg\" alt=\"\" width=\"300\" height=\"181\" srcset=\"https:\/\/www.hegerort.de\/wp-content\/uploads\/2024\/05\/Thron-2024-300x181.jpg 300w, https:\/\/www.hegerort.de\/wp-content\/uploads\/2024\/05\/Thron-2024-768x463.jpg 768w, https:\/\/www.hegerort.de\/wp-content\/uploads\/2024\/05\/Thron-2024.jpg 838w\" sizes=\"auto, (max-width: 300px) 100vw, 300px\" \/><\/a><\/p>\n<p>&nbsp;<\/p>\n<p>&nbsp;<\/p>\n<p>&nbsp;<\/p>\n<p>&nbsp;<\/p>\n<p>&nbsp;<\/p>\n<p>v.l.n.r.: Ehrendame Anne Backensfeld, Ehrenherr Andreas Schulenkorf, K\u00f6nigin Irina Roling, K\u00f6nig Tobias K\u00fchlkamp, Ehrendame Ulrike K\u00f6tting, Ehrenherr Manuel Langehaneberg<\/p>\n<p>&nbsp;<\/p>\n<ul>\n<li><strong>Der Thron 2023:<\/strong><\/li>\n<\/ul>\n<p><a href=\"https:\/\/www.hegerort.de\/?attachment_id=4773\" rel=\"attachment wp-att-4773\"><img loading=\"lazy\" decoding=\"async\" class=\"alignleft size-medium wp-image-4773\" src=\"https:\/\/www.hegerort.de\/wp-content\/uploads\/2023\/05\/Thron_2023-300x225.jpg\" alt=\"\" width=\"300\" height=\"225\" srcset=\"https:\/\/www.hegerort.de\/wp-content\/uploads\/2023\/05\/Thron_2023-300x225.jpg 300w, https:\/\/www.hegerort.de\/wp-content\/uploads\/2023\/05\/Thron_2023-1024x768.jpg 1024w, https:\/\/www.hegerort.de\/wp-content\/uploads\/2023\/05\/Thron_2023-768x576.jpg 768w, https:\/\/www.hegerort.de\/wp-content\/uploads\/2023\/05\/Thron_2023-1536x1152.jpg 1536w, https:\/\/www.hegerort.de\/wp-content\/uploads\/2023\/05\/Thron_2023.jpg 2048w\" sizes=\"auto, (max-width: 300px) 100vw, 300px\" \/><\/a><\/p>\n<p>&nbsp;<\/p>\n<p>&nbsp;<\/p>\n<p>&nbsp;<\/p>\n<p>&nbsp;<\/p>\n<p>&nbsp;<\/p>\n<p>v.l.n.r.: Ehrenherr Jan Terwey, Ehrendame Mareike Post, K\u00f6nig Florian Niehues, K\u00f6nigin Sophie Niehoff, Ehrenherr Matthias Kreulich, Ehrendame Christina Niehoff<\/p>\n<ul>\n<li><strong>Der Thron 2022:<\/strong><\/li>\n<\/ul>\n<p><a href=\"https:\/\/www.hegerort.de\/?attachment_id=4734\" rel=\"attachment wp-att-4734\"><img loading=\"lazy\" decoding=\"async\" class=\"alignleft size-medium wp-image-4734\" src=\"https:\/\/www.hegerort.de\/wp-content\/uploads\/2022\/06\/Thron-2022-300x166.jpg\" alt=\"\" width=\"300\" height=\"166\" srcset=\"https:\/\/www.hegerort.de\/wp-content\/uploads\/2022\/06\/Thron-2022-300x166.jpg 300w, https:\/\/www.hegerort.de\/wp-content\/uploads\/2022\/06\/Thron-2022-768x425.jpg 768w, https:\/\/www.hegerort.de\/wp-content\/uploads\/2022\/06\/Thron-2022-672x372.jpg 672w, https:\/\/www.hegerort.de\/wp-content\/uploads\/2022\/06\/Thron-2022.jpg 993w\" sizes=\"auto, (max-width: 300px) 100vw, 300px\" \/><\/a><\/p>\n<p>&nbsp;<\/p>\n<p>&nbsp;<\/p>\n<p>&nbsp;<\/p>\n<p>&nbsp;<\/p>\n<p>v.l.n.r.: Adjutant Markus Terwey, Ehrendame Claudia Kolkmann, Ehrenherr Berthold Schulze-Niehoff, K\u00f6nigin Lisa Schulze-Niehoff, K\u00f6nig Bernd Eink, Ehrendame Judith M\u00f6nstermann, Ehrenherr Manfred Kolkmann, Adjutant Bernd Kortbus<\/p>\n<ul>\n<li><strong>Der Thron 2019:<\/strong><\/li>\n<\/ul>\n<p><a href=\"https:\/\/www.hegerort.de\/?attachment_id=4625\" rel=\"attachment wp-att-4625\"><img loading=\"lazy\" decoding=\"async\" class=\"size-medium wp-image-4625\" src=\"https:\/\/www.hegerort.de\/wp-content\/uploads\/2019\/06\/Thron2019-300x157.jpg\" alt=\"\" width=\"300\" height=\"157\" srcset=\"https:\/\/www.hegerort.de\/wp-content\/uploads\/2019\/06\/Thron2019-300x157.jpg 300w, https:\/\/www.hegerort.de\/wp-content\/uploads\/2019\/06\/Thron2019-768x403.jpg 768w, https:\/\/www.hegerort.de\/wp-content\/uploads\/2019\/06\/Thron2019.jpg 1024w\" sizes=\"auto, (max-width: 300px) 100vw, 300px\" \/><\/a><\/p>\n<p>v.l.n.r.: Adjutant Markus Terwey, Ehrendame Katharina Tendahl, Ehrenherr Berthold Deiger, K\u00f6nigin Christine Deiger, K\u00f6nig Karsten Riermann, Ehrendame Kathrin Riermann, Ehrenherr Markus Tendahl, Adjutant Bernd Kortbus<\/p>\n<p>&nbsp;<\/p>\n<ul>\n<li><strong>Der Thron 2018:<\/strong><\/li>\n<\/ul>\n<p><a href=\"https:\/\/www.hegerort.de\/?attachment_id=4582\" rel=\"attachment wp-att-4582\"><img loading=\"lazy\" decoding=\"async\" class=\"size-medium wp-image-4582\" src=\"https:\/\/www.hegerort.de\/wp-content\/uploads\/2018\/08\/Thron-2018-300x225.jpg\" alt=\"\" width=\"300\" height=\"225\" srcset=\"https:\/\/www.hegerort.de\/wp-content\/uploads\/2018\/08\/Thron-2018-300x225.jpg 300w, https:\/\/www.hegerort.de\/wp-content\/uploads\/2018\/08\/Thron-2018-768x576.jpg 768w, https:\/\/www.hegerort.de\/wp-content\/uploads\/2018\/08\/Thron-2018.jpg 911w\" sizes=\"auto, (max-width: 300px) 100vw, 300px\" \/><\/a><\/p>\n<p>v.l.n.r.: Adjutant Steffen Uesbeck, Ehrendame Joke Thies, Ehrenherr Marco H\u00f6ink, K\u00f6nigin Christina Niehoff, K\u00f6nig Thomas Uppenkamp, Ehrendame Lena S\u00fcdfeld, Ehrenherr Timo Fedder, Adjutant Thorsten Sendfeld<\/p>\n<p>&nbsp;<\/p>\n<ul>\n<li><strong>Der Thron 2017:<\/strong><\/li>\n<\/ul>\n<p><a href=\"https:\/\/www.hegerort.de\/?attachment_id=2985\" rel=\"attachment wp-att-2985\"><img loading=\"lazy\" decoding=\"async\" class=\"alignleft size-medium wp-image-2985\" src=\"https:\/\/www.hegerort.de\/wp-content\/uploads\/2012\/02\/Thron_2017-300x200.jpg\" alt=\"\" width=\"300\" height=\"200\" srcset=\"https:\/\/www.hegerort.de\/wp-content\/uploads\/2012\/02\/Thron_2017-300x200.jpg 300w, https:\/\/www.hegerort.de\/wp-content\/uploads\/2012\/02\/Thron_2017.jpg 678w\" sizes=\"auto, (max-width: 300px) 100vw, 300px\" \/><\/a><\/p>\n<p>&nbsp;<\/p>\n<p>&nbsp;<\/p>\n<p>&nbsp;<\/p>\n<p>v.l.n.r.:&nbsp; Ehrendame Sarah Dillerup, Ehrenherr Sven Messing, K\u00f6nigin Denise Lining, K\u00f6nig Andr\u00e9 Wenzel, Ehrendame Frederike Konert, Ehrenherr Marcel Lining<\/p>\n<p>&nbsp;<\/p>\n<ul>\n<li><strong>Der Thron 2016:<\/strong><\/li>\n<\/ul>\n<p><a href=\"https:\/\/www.hegerort.de\/?attachment_id=2942\" rel=\"attachment wp-att-2942\"><img loading=\"lazy\" decoding=\"async\" class=\"alignleft size-medium wp-image-2942\" src=\"https:\/\/www.hegerort.de\/wp-content\/uploads\/2012\/02\/Thron_2016-300x196.jpg\" alt=\"Thron_2016\" width=\"300\" height=\"196\" srcset=\"https:\/\/www.hegerort.de\/wp-content\/uploads\/2012\/02\/Thron_2016-300x196.jpg 300w, https:\/\/www.hegerort.de\/wp-content\/uploads\/2012\/02\/Thron_2016.jpg 630w\" sizes=\"auto, (max-width: 300px) 100vw, 300px\" \/><\/a><\/p>\n<p>&nbsp;<\/p>\n<p>&nbsp;<\/p>\n<p>&nbsp;<\/p>\n<p>&nbsp;<\/p>\n<p>v.l.n.r.: K\u00f6nigsadjutant Thorsten Sendfeld, Ehrendame Anna K\u00f6gging, Ehrenherr Dirk Tendahl, K\u00f6nigin Christin Wilde, K\u00f6nig Michael Sundrum, Ehrendame Verena Engelen, Ehrenherr Michael Nowak und K\u00f6nigsadjutant Steffen Uesbeck<\/p>\n<p>&nbsp;<\/p>\n<ul>\n<li><strong>Der Thron 2015:<\/strong><\/li>\n<\/ul>\n<p><a href=\"https:\/\/www.hegerort.de\/?attachment_id=2934\" rel=\"attachment wp-att-2934\"><img loading=\"lazy\" decoding=\"async\" class=\"alignleft size-medium wp-image-2934\" src=\"https:\/\/www.hegerort.de\/wp-content\/uploads\/2012\/02\/Thron_2015-300x200.jpg\" alt=\"Thron_2015\" width=\"300\" height=\"200\" srcset=\"https:\/\/www.hegerort.de\/wp-content\/uploads\/2012\/02\/Thron_2015-300x200.jpg 300w, https:\/\/www.hegerort.de\/wp-content\/uploads\/2012\/02\/Thron_2015.jpg 630w\" sizes=\"auto, (max-width: 300px) 100vw, 300px\" \/><\/a><\/p>\n<p>&nbsp;<\/p>\n<p>&nbsp;<\/p>\n<p>&nbsp;<\/p>\n<p>&nbsp;<\/p>\n<p>v.\u2005l.n.r.: Steffen Uesbeck, Elisabeth Schulze Everding, Manfred Kolkmann, Britta Kortbus, Hugo Schulze Everding, Claudia Kolkmann, Manfred Kortbus und Thorsten Sendfeld.<\/p>\n<p>&nbsp;<\/p>\n<ul>\n<li><strong>Der Thron 2014:<\/strong><\/li>\n<\/ul>\n<p><a href=\"https:\/\/www.hegerort.de\/wp-content\/uploads\/2014\/06\/Thron_2014.jpg\"><img loading=\"lazy\" decoding=\"async\" class=\"alignleft size-medium wp-image-598\" src=\"https:\/\/www.hegerort.de\/wp-content\/uploads\/2014\/06\/Thron_2014-300x175.jpg\" alt=\"Thron_2014\" width=\"300\" height=\"175\" srcset=\"https:\/\/www.hegerort.de\/wp-content\/uploads\/2014\/06\/Thron_2014-300x175.jpg 300w, https:\/\/www.hegerort.de\/wp-content\/uploads\/2014\/06\/Thron_2014.jpg 1024w\" sizes=\"auto, (max-width: 300px) 100vw, 300px\" \/><\/a><\/p>\n<p>&nbsp;<\/p>\n<p>&nbsp;<\/p>\n<p>&nbsp;<\/p>\n<p>&nbsp;<\/p>\n<p>v.l.n.r.: Ehrendame Verena Kreulich, Ehrenherr Jens Uesbeck, K\u00f6nigin Franziska Sendfeld, K\u00f6nig Markus Terwey, Ehrendame Frederike Konert, Ehrenherr Andre Wenzel<\/p>\n<p>&nbsp;<\/p>\n<ul>\n<li><strong>Der Thron 2013:<\/strong><\/li>\n<\/ul>\n<p><a href=\"https:\/\/www.hegerort.de\/wp-content\/uploads\/2013\/05\/thron2013.jpg\"><img loading=\"lazy\" decoding=\"async\" class=\"alignleft size-medium wp-image-448\" src=\"https:\/\/www.hegerort.de\/wp-content\/uploads\/2013\/05\/thron2013-300x200.jpg\" alt=\"thron2013\" width=\"300\" height=\"200\" srcset=\"https:\/\/www.hegerort.de\/wp-content\/uploads\/2013\/05\/thron2013-300x200.jpg 300w, https:\/\/www.hegerort.de\/wp-content\/uploads\/2013\/05\/thron2013.jpg 629w\" sizes=\"auto, (max-width: 300px) 100vw, 300px\" \/><\/a><\/p>\n<p>&nbsp;<\/p>\n<p>&nbsp;<\/p>\n<p>&nbsp;<\/p>\n<p>&nbsp;<\/p>\n<p>&nbsp;<\/p>\n<p>v.l.n.r.: Ehrendame Rita P\u00f6pping, Ehrenherr Alfons P\u00f6pping, K\u00f6nigin Brigitte Uppenkamp, K\u00f6nig Dr. Josef Kreulich jr., Ehrendame Claudia K\u00fchlkamp, Ehrenherr Bernhard K\u00fchlkamp<\/p>\n<p>&nbsp;<\/p>\n<ul>\n<li><strong>Der Thron 2012:<\/strong><\/li>\n<\/ul>\n<p><a href=\"https:\/\/www.hegerort.de\/wp-content\/uploads\/2012\/02\/Thron_2012.jpg\"><img loading=\"lazy\" decoding=\"async\" class=\"wp-image-356 alignleft\" title=\"Thron_2012\" src=\"https:\/\/www.hegerort.de\/wp-content\/uploads\/2012\/02\/Thron_2012-300x212.jpg\" alt=\"\" width=\"300\" height=\"212\" srcset=\"https:\/\/www.hegerort.de\/wp-content\/uploads\/2012\/02\/Thron_2012-300x212.jpg 300w, https:\/\/www.hegerort.de\/wp-content\/uploads\/2012\/02\/Thron_2012.jpg 800w\" sizes=\"auto, (max-width: 300px) 100vw, 300px\" \/><\/a><\/p>\n<p>&nbsp;<\/p>\n<p>&nbsp;<\/p>\n<p>&nbsp;<\/p>\n<p>&nbsp;<\/p>\n<p>&nbsp;<\/p>\n<ul>\n<li><strong>Der Thron 2011:<\/strong><\/li>\n<\/ul>\n<p><a href=\"https:\/\/www.hegerort.de\/wp-content\/uploads\/2012\/02\/2011.jpg\"><img loading=\"lazy\" decoding=\"async\" class=\"alignnone size-medium wp-image-37\" title=\"Der Thron 2011\" src=\"https:\/\/www.hegerort.de\/wp-content\/uploads\/2012\/02\/2011-300x199.jpg\" alt=\"\" width=\"300\" height=\"199\" srcset=\"https:\/\/www.hegerort.de\/wp-content\/uploads\/2012\/02\/2011-300x199.jpg 300w, https:\/\/www.hegerort.de\/wp-content\/uploads\/2012\/02\/2011.jpg 400w\" sizes=\"auto, (max-width: 300px) 100vw, 300px\" \/><\/a><\/p>\n<ul>\n<li><strong>Der Thron 2010:<\/strong><\/li>\n<\/ul>\n<p><a href=\"https:\/\/www.hegerort.de\/wp-content\/uploads\/2012\/02\/IMG_5440.jpg\"><img loading=\"lazy\" decoding=\"async\" class=\"alignnone size-medium wp-image-51\" title=\"Thron 2010\" src=\"https:\/\/www.hegerort.de\/wp-content\/uploads\/2012\/02\/IMG_5440-300x199.jpg\" alt=\"\" width=\"300\" height=\"199\" srcset=\"https:\/\/www.hegerort.de\/wp-content\/uploads\/2012\/02\/IMG_5440-300x199.jpg 300w, https:\/\/www.hegerort.de\/wp-content\/uploads\/2012\/02\/IMG_5440.jpg 800w\" sizes=\"auto, (max-width: 300px) 100vw, 300px\" \/><\/a><\/p>\n<ul>\n<li><strong>Der Thron 2009:<\/strong><\/li>\n<\/ul>\n<p><a href=\"https:\/\/www.hegerort.de\/wp-content\/uploads\/2012\/02\/IMG_0700.jpg\"><img loading=\"lazy\" decoding=\"async\" class=\"alignnone size-medium wp-image-45\" title=\"Thron 2009\" src=\"https:\/\/www.hegerort.de\/wp-content\/uploads\/2012\/02\/IMG_0700-300x199.jpg\" alt=\"\" width=\"300\" height=\"199\" srcset=\"https:\/\/www.hegerort.de\/wp-content\/uploads\/2012\/02\/IMG_0700-300x199.jpg 300w, https:\/\/www.hegerort.de\/wp-content\/uploads\/2012\/02\/IMG_0700.jpg 800w\" sizes=\"auto, (max-width: 300px) 100vw, 300px\" \/><\/a><\/p>\n","protected":false},"excerpt":{"rendered":"<p>Der Thron 2025: &nbsp; &nbsp; &nbsp; &nbsp; &nbsp; v.l.n.r.: Adjutant Markus Terwey, Ehrendame Christine Deiger, Ehrenherr Berthold Deiger, K\u00f6nigin Doreen Schulze-Temming, K\u00f6nig Hendrik Sundrum, Ehrendame Madeleine Schulze-Temming, Ehrenherr Ben Eink, Adjutant Markus Tendahl Der Thron 2024: &nbsp; &nbsp; &nbsp; &nbsp; &nbsp; v.l.n.r.: Ehrendame Anne Backensfeld, Ehrenherr Andreas Schulenkorf, K\u00f6nigin Irina Roling, K\u00f6nig Tobias K\u00fchlkamp, Ehrendame &hellip; <a href=\"https:\/\/www.hegerort.de\/?page_id=18\" class=\"more-link\"><span class=\"screen-reader-text\">K\u00f6nigspaare<\/span> weiterlesen <span class=\"meta-nav\">&rarr;<\/span><\/a><\/p>\n","protected":false},"author":1,"featured_media":0,"parent":0,"menu_order":0,"comment_status":"closed","ping_status":"open","template":"","meta":{"ngg_post_thumbnail":0,"footnotes":""},"class_list":["post-18","page","type-page","status-publish","hentry"],"_links":{"self":[{"href":"https:\/\/www.hegerort.de\/index.php?rest_route=\/wp\/v2\/pages\/18","targetHints":{"allow":["GET"]}}],"collection":[{"href":"https:\/\/www.hegerort.de\/index.php?rest_route=\/wp\/v2\/pages"}],"about":[{"href":"https:\/\/www.hegerort.de\/index.php?rest_route=\/wp\/v2\/types\/page"}],"author":[{"embeddable":true,"href":"https:\/\/www.hegerort.de\/index.php?rest_route=\/wp\/v2\/users\/1"}],"replies":[{"embeddable":true,"href":"https:\/\/www.hegerort.de\/index.php?rest_route=%2Fwp%2Fv2%2Fcomments&post=18"}],"version-history":[{"count":49,"href":"https:\/\/www.hegerort.de\/index.php?rest_route=\/wp\/v2\/pages\/18\/revisions"}],"predecessor-version":[{"id":4855,"href":"https:\/\/www.hegerort.de\/index.php?rest_route=\/wp\/v2\/pages\/18\/revisions\/4855"}],"wp:attachment":[{"href":"https:\/\/www.hegerort.de\/index.php?rest_route=%2Fwp%2Fv2%2Fmedia&parent=18"}],"curies":[{"name":"wp","href":"https:\/\/api.w.org\/{rel}","templated":true}]}}